{"id":184,"date":"2016-11-25T10:56:50","date_gmt":"2016-11-25T09:56:50","guid":{"rendered":"http:\/\/localhost\/LiliApartments\/?page_id=184"},"modified":"2024-02-19T10:56:52","modified_gmt":"2024-02-19T09:56:52","slug":"entorno","status":"publish","type":"page","link":"https:\/\/liliapartments.com\/es\/entorno\/","title":{"rendered":"Entorno"},"content":{"rendered":"<div id=\"pl-184\"  class=\"panel-layout\" ><div id=\"pg-184-0\"  class=\"panel-grid panel-no-style\" ><div id=\"pgc-184-0-0\"  class=\"panel-grid-cell\" ><div id=\"panel-184-0-0-0\" class=\"so-panel widget widget_sow-editor panel-first-child panel-last-child\" data-index=\"0\" ><div id=\"informacion-2\" class=\"panel-widget-style panel-widget-style-for-184-0-0-0\" ><div\n\t\t\t\n\t\t\tclass=\"so-widget-sow-editor so-widget-sow-editor-base\"\n\t\t\t\n\t\t>\n<div class=\"siteorigin-widget-tinymce textwidget\">\n\t<h1 class=\"widget-title\" style=\"text-align: center;\"><span style=\"color: #e97601;\">ENTORNO - <\/span> PUERTO DE S\u00d3LLER<\/h1>\n<p><img loading=\"lazy\" decoding=\"async\" class=\"aligncenter size-full wp-image-141\" src=\"http:\/\/liliapartments.com\/wp-content\/uploads\/2016\/08\/divider-1.png\" alt=\"divider\" width=\"50\" height=\"5\" \/><\/p>\n<p style=\"text-align: center;\">Entre el Mar y la Monta\u00f1a, el cielo y la Tierra, el Puerto de S\u00f3ller acoge al viajero protegido por la todopoderosa \u2018Serra de Tramuntana\u2019, Patrimonio de la Humanidad por UNESCO. Un cruce de caminos en medio del Mediterr\u00e1neo. Un crisol de culturas que abraza el brillo del Sol fundido en un abrazo vital con su entorno. Descubra un enclave que entremezcla el legado de una isla infinita, discreta, eterna entre los vestigios de un pueblo de ra\u00edces profundas desde Lili Apartments, el punto de encuentro con las mejores vistas a la bah\u00eda del Puerto de S\u00f3ller.<\/p>\n<p style=\"text-align: center;\">Escenario de batallas del pasado en defensa de la identidad propia y testigo contempor\u00e1neo del desembarco de viajeros llegados de todo el mundo, el Puerto de S\u00f3ller es la joya de la Corona de Mallorca. Situado al Noroeste de la isla, las tradiciones prevalecen y la modernidad se asoma al siglo XXI en uno de los rincones m\u00e1s especiales y representativos del Mediterr\u00e1neo. Descubra la brisa bals\u00e1mica en primera l\u00ednea de playa mirando desde la retaguardia la frondosidad de una monta\u00f1a cuya luz inspir\u00f3 a Joan Mir\u00f3 en los veranos de su infancia.<\/p>\n<p style=\"text-align: center;\">Bienvenidos a la verdadera Mallorca. Bienvenidos a LiLi Apartments.<\/p>\n<\/div>\n<\/div><\/div><\/div><\/div><\/div><\/div>","protected":false},"excerpt":{"rendered":"<p>ENTORNO &#8211; PUERTO DE S\u00d3LLER Entre el Mar y la Monta\u00f1a, el cielo y la Tierra, el Puerto de S\u00f3ller acoge al viajero protegido por la todopoderosa \u2018Serra de Tramuntana\u2019, Patrimonio de la Humanidad por UNESCO. Un cruce de caminos en medio del Mediterr\u00e1neo. Un crisol de culturas que abraza el brillo del Sol fundido [&hellip;]<\/p>\n","protected":false},"author":1,"featured_media":0,"parent":0,"menu_order":0,"comment_status":"closed","ping_status":"closed","template":"page-entorno.php","meta":{"footnotes":""},"_links":{"self":[{"href":"https:\/\/liliapartments.com\/es\/wp-json\/wp\/v2\/pages\/184"}],"collection":[{"href":"https:\/\/liliapartments.com\/es\/wp-json\/wp\/v2\/pages"}],"about":[{"href":"https:\/\/liliapartments.com\/es\/wp-json\/wp\/v2\/types\/page"}],"author":[{"embeddable":true,"href":"https:\/\/liliapartments.com\/es\/wp-json\/wp\/v2\/users\/1"}],"replies":[{"embeddable":true,"href":"https:\/\/liliapartments.com\/es\/wp-json\/wp\/v2\/comments?post=184"}],"version-history":[{"count":3,"href":"https:\/\/liliapartments.com\/es\/wp-json\/wp\/v2\/pages\/184\/revisions"}],"predecessor-version":[{"id":553,"href":"https:\/\/liliapartments.com\/es\/wp-json\/wp\/v2\/pages\/184\/revisions\/553"}],"wp:attachment":[{"href":"https:\/\/liliapartments.com\/es\/wp-json\/wp\/v2\/media?parent=184"}],"curies":[{"name":"wp","href":"https:\/\/api.w.org\/{rel}","templated":true}]}}