{"id":126,"date":"2016-03-08T13:36:03","date_gmt":"2016-03-08T13:36:03","guid":{"rendered":"http:\/\/localhost\/LiliApartments\/?page_id=126"},"modified":"2024-02-19T10:52:29","modified_gmt":"2024-02-19T09:52:29","slug":"informacion","status":"publish","type":"page","link":"https:\/\/liliapartments.com\/es\/informacion\/","title":{"rendered":"Informaci\u00f3n"},"content":{"rendered":"<div id=\"pl-126\"  class=\"panel-layout\" ><div id=\"pg-126-0\"  class=\"panel-grid panel-has-style\" ><div id=\"informacion\" class=\"panel-row-style panel-row-style-for-126-0\" ><div id=\"pgc-126-0-0\"  class=\"panel-grid-cell\" ><div id=\"panel-126-0-0-0\" class=\"so-panel widget widget_sow-editor panel-first-child panel-last-child\" data-index=\"0\" ><div\n\t\t\t\n\t\t\tclass=\"so-widget-sow-editor so-widget-sow-editor-base\"\n\t\t\t\n\t\t>\n<div class=\"siteorigin-widget-tinymce textwidget\">\n\t<h1 class=\"widget-title\" style=\"text-align: center;\"><span style=\"color: #e97601;\">LILI<\/span> APARTMENTS<\/h1>\n<p><img loading=\"lazy\" decoding=\"async\" class=\"aligncenter size-full wp-image-141\" src=\"http:\/\/liliapartments.com\/wp-content\/uploads\/2016\/08\/divider-1.png\" alt=\"divider\" width=\"50\" height=\"5\" \/><\/p>\n<p style=\"text-align: center;\">LILI APARTMENTS es un complejo de <strong>Apartametos Tur\u00edsticos<\/strong> en <strong>primera l\u00ednea de playa y con vista directa al Mar y a la Serra de Tramuntana<\/strong> situados en el emblem\u00e1tico <strong>Puerto de S\u00f3ller<\/strong>, al Noroeste de Mallorca.<\/p>\n<p style=\"text-align: center;\">Un entorno ideal para sentir la brisa del Mediterr\u00e1neo y disfrutar en familia, especialmente con ni\u00f1os.<\/p>\n<p style=\"text-align: center;\">A tan s\u00f3lo 30 minutos del Aeropuerto de Palma de Mallorca, el Puerto de S\u00f3ller ofrece una amplia oferta de ocio y cultura. Mirando directamente al Mar, flanqueado por la Serra de Tramontana (Patrimonio de la Humanidad por UNESCO), Lili Apartments es el emplazamiento id\u00f3neo desde el que podr\u00e1 descubrir los innumerables secretos que se esconden en el enclave m\u00e1s bello de Mallorca.<\/p>\n<p style=\"text-align: center;\"><strong>Disponemos de un apartamento habilitado para minusv\u00e1lidos, as\u00ed como de accesos perfectamente preparados para clientes con cualquier tipo de discapacidad o limitaci\u00f3n f\u00edsica. <\/strong><\/p>\n<p>&nbsp;<\/p>\n<\/div>\n<\/div><\/div><\/div><\/div><\/div><div id=\"pg-126-1\"  class=\"panel-grid panel-has-style\" ><div id=\"fullservicios\" class=\"panel-row-style panel-row-style-for-126-1\" ><div id=\"pgc-126-1-0\"  class=\"panel-grid-cell\" ><div id=\"panel-126-1-0-0\" class=\"so-panel widget widget_sow-editor panel-first-child panel-last-child\" data-index=\"1\" ><div class=\"servicios panel-widget-style panel-widget-style-for-126-1-0-0\" ><div\n\t\t\t\n\t\t\tclass=\"so-widget-sow-editor so-widget-sow-editor-base\"\n\t\t\t\n\t\t>\n<div class=\"siteorigin-widget-tinymce textwidget\">\n\t<p><strong>SERVICIOS<\/strong><\/p>\n<ul>\n<li>Aire acondicionado Fr\u00edo\/Calor<\/li>\n<li>TV v\u00eda sat\u00e9lite con m\u00e1s de 20 canales internacionales<\/li>\n<li>Wi-Fi de fibra \u00f3ptica \u2013 GRATUITO EN CADA APARTAMENTO<\/li>\n<li>Caja Fuerte Digital<\/li>\n<li>P\u00e1rking exterior gratuito<\/li>\n<li>Cocina completamente equipada<\/li>\n<li>Lavavajillas<\/li>\n<li>Lavadora<\/li>\n<li>Toallas<\/li>\n<li>Ropa de cama<\/li>\n<li>Ascensor<\/li>\n<\/ul>\n<\/div>\n<\/div><\/div><\/div><\/div><div id=\"pgc-126-1-1\"  class=\"panel-grid-cell\" ><div id=\"panel-126-1-1-0\" class=\"so-panel widget widget_sow-editor panel-first-child panel-last-child\" data-index=\"2\" ><div class=\"servicios-demanda panel-widget-style panel-widget-style-for-126-1-1-0\" ><div\n\t\t\t\n\t\t\tclass=\"so-widget-sow-editor so-widget-sow-editor-base\"\n\t\t\t\n\t\t>\n<div class=\"siteorigin-widget-tinymce textwidget\">\n\t<p><strong>BAJO DEMANDA<\/strong><\/p>\n<ul class=\"lista\">\n<li>Toalla playa<\/li>\n<li>Transfer desde el Aeropuerto<\/li>\n<li>Coches de alquiler<\/li>\n<li>Bicicletas de alquiler<\/li>\n<li>Excursiones y rutas por la Serra de Tramuntana<\/li>\n<\/ul>\n<\/div>\n<\/div><\/div><\/div><\/div><\/div><\/div><\/div>","protected":false},"excerpt":{"rendered":"<p>LILI APARTMENTS LILI APARTMENTS es un complejo de Apartametos Tur\u00edsticos en primera l\u00ednea de playa y con vista directa al Mar y a la Serra de Tramuntana situados en el emblem\u00e1tico Puerto de S\u00f3ller, al Noroeste de Mallorca. Un entorno ideal para sentir la brisa del Mediterr\u00e1neo y disfrutar en familia, especialmente con ni\u00f1os. A [&hellip;]<\/p>\n","protected":false},"author":1,"featured_media":0,"parent":0,"menu_order":0,"comment_status":"closed","ping_status":"closed","template":"page-info.php","meta":{"footnotes":""},"_links":{"self":[{"href":"https:\/\/liliapartments.com\/es\/wp-json\/wp\/v2\/pages\/126"}],"collection":[{"href":"https:\/\/liliapartments.com\/es\/wp-json\/wp\/v2\/pages"}],"about":[{"href":"https:\/\/liliapartments.com\/es\/wp-json\/wp\/v2\/types\/page"}],"author":[{"embeddable":true,"href":"https:\/\/liliapartments.com\/es\/wp-json\/wp\/v2\/users\/1"}],"replies":[{"embeddable":true,"href":"https:\/\/liliapartments.com\/es\/wp-json\/wp\/v2\/comments?post=126"}],"version-history":[{"count":19,"href":"https:\/\/liliapartments.com\/es\/wp-json\/wp\/v2\/pages\/126\/revisions"}],"predecessor-version":[{"id":549,"href":"https:\/\/liliapartments.com\/es\/wp-json\/wp\/v2\/pages\/126\/revisions\/549"}],"wp:attachment":[{"href":"https:\/\/liliapartments.com\/es\/wp-json\/wp\/v2\/media?parent=126"}],"curies":[{"name":"wp","href":"https:\/\/api.w.org\/{rel}","templated":true}]}}