{"id":216,"date":"2016-02-26T12:52:15","date_gmt":"2016-02-26T12:52:15","guid":{"rendered":"http:\/\/localhost\/LiliApartments\/contacto\/"},"modified":"2024-02-19T10:41:47","modified_gmt":"2024-02-19T09:41:47","slug":"kontakt","status":"publish","type":"page","link":"https:\/\/liliapartments.com\/de\/kontakt\/","title":{"rendered":"Kontakt"},"content":{"rendered":"<div id=\"pl-216\"  class=\"panel-layout\" ><div id=\"pg-216-0\"  class=\"panel-grid panel-no-style\" ><div id=\"pgc-216-0-0\"  class=\"panel-grid-cell\" ><div id=\"panel-216-0-0-0\" class=\"so-panel widget widget_sow-editor panel-first-child panel-last-child\" data-index=\"0\" ><div\n\t\t\t\n\t\t\tclass=\"so-widget-sow-editor so-widget-sow-editor-base\"\n\t\t\t\n\t\t>\n<div class=\"siteorigin-widget-tinymce textwidget\">\n\t<h1 class=\"widget-title\" style=\"text-align: center;\"><span style=\"color: #e97601;\">LILI<\/span> APARTMENTS<\/h1>\n<p style=\"text-align: center;\"><img loading=\"lazy\" decoding=\"async\" class=\"aligncenter size-full wp-image-141\" src=\"http:\/\/liliapartments.com\/wp-content\/uploads\/2016\/08\/divider-1.png\" alt=\"divider\" width=\"50\" height=\"5\" \/><br \/>\nPara m\u00e1s informaci\u00f3n contactar con:<\/p>\n<p style=\"text-align: center;\">Tel.:<strong> (+34) 971 638 200<\/strong><\/p>\n<p style=\"text-align: center;\">E-mail: <strong> <a href=\"mailto:info@liliapartments.com\">info@liliapartments.com<\/a><\/strong><\/p>\n<p style=\"text-align: center;\">Paseo de la Playa, 8 - Puerto de S\u00f3ller, Mallorca<br \/>\nIslas Baleares (Espa\u00f1a)<\/p>\n<p style=\"text-align: center;\"><strong>Recepci\u00f3n:<\/strong><br \/>\nLunes a Viernes de 9h - 16h<br \/>\nS\u00e1bado de 10h - 15h<\/p>\n<\/div>\n<\/div><\/div><\/div><\/div><div id=\"pg-216-1\"  class=\"panel-grid panel-has-style\" ><div id=\"fullcontacto\" class=\"panel-row-style panel-row-style-for-216-1\" ><div id=\"pgc-216-1-0\"  class=\"panel-grid-cell\" ><div id=\"panel-216-1-0-0\" class=\"so-panel widget widget_sow-editor panel-first-child panel-last-child\" data-index=\"1\" ><div class=\"servicios panel-widget-style panel-widget-style-for-216-1-0-0\" ><div\n\t\t\t\n\t\t\tclass=\"so-widget-sow-editor so-widget-sow-editor-base\"\n\t\t\t\n\t\t>\n<div class=\"siteorigin-widget-tinymce textwidget\">\n\t<p style=\"text-align: center;\"><strong>\u00bfDesea m\u00e1s informaci\u00f3n o quiere hacernos alguna consulta o sugerencia?<\/strong><br \/>\n<div class=\"wpcf7 no-js\" id=\"wpcf7-f59-o1\" lang=\"es-ES\" dir=\"ltr\">\n<div class=\"screen-reader-response\"><p role=\"status\" aria-live=\"polite\" aria-atomic=\"true\"><\/p> <ul><\/ul><\/div>\n<form action=\"\/de\/wp-json\/wp\/v2\/pages\/216#wpcf7-f59-o1\" method=\"post\" class=\"wpcf7-form init\" aria-label=\"Formulario de contacto\" novalidate=\"novalidate\" data-status=\"init\">\n<div style=\"display: none;\">\n<input type=\"hidden\" name=\"_wpcf7\" value=\"59\" \/>\n<input type=\"hidden\" name=\"_wpcf7_version\" value=\"5.7\" \/>\n<input type=\"hidden\" name=\"_wpcf7_locale\" value=\"es_ES\" \/>\n<input type=\"hidden\" name=\"_wpcf7_unit_tag\" value=\"wpcf7-f59-o1\" \/>\n<input type=\"hidden\" name=\"_wpcf7_container_post\" value=\"0\" \/>\n<input type=\"hidden\" name=\"_wpcf7_posted_data_hash\" value=\"\" \/>\n<\/div>\n<p>Nombre (requerido)\n<\/p>\n<p> <span class=\"wpcf7-form-control-wrap\" data-name=\"your-name\"><input size=\"40\" class=\"wpcf7-form-control wpcf7-text wpcf7-validates-as-required\" aria-required=\"true\" aria-invalid=\"false\" value=\"\" type=\"text\" name=\"your-name\" \/><\/span>\n<\/p>\n<p>Correo electr\u00f3nico (requerido)\n<\/p>\n<p> <span class=\"wpcf7-form-control-wrap\" data-name=\"your-email\"><input size=\"40\" class=\"wpcf7-form-control wpcf7-text wpcf7-email wpcf7-validates-as-required wpcf7-validates-as-email\" aria-required=\"true\" aria-invalid=\"false\" value=\"\" type=\"email\" name=\"your-email\" \/><\/span>\n<\/p>\n<p>Mensaje\n<\/p>\n<p> <span class=\"wpcf7-form-control-wrap\" data-name=\"your-message\"><textarea cols=\"55\" rows=\"5\" class=\"wpcf7-form-control wpcf7-textarea\" aria-invalid=\"false\" name=\"your-message\">sus comentarios aqu\u00ed...<\/textarea><\/span><br \/>\n<\/p>\n<p><input class=\"wpcf7-form-control has-spinner wpcf7-submit\" type=\"submit\" value=\"Enviar\" \/>\n<\/p><div class=\"wpcf7-response-output\" aria-hidden=\"true\"><\/div><\/form><\/div><\/p>\n<\/div>\n<\/div><\/div><\/div><\/div><\/div><\/div><\/div>","protected":false},"excerpt":{"rendered":"<p>LILI APARTMENTS Para m\u00e1s informaci\u00f3n contactar con: Tel.: (+34) 971 638 200 E-mail: info@liliapartments.com Paseo de la Playa, 8 &#8211; Puerto de S\u00f3ller, Mallorca Islas Baleares (Espa\u00f1a) Recepci\u00f3n: Lunes a Viernes de 9h &#8211; 16h S\u00e1bado de 10h &#8211; 15h \u00bfDesea m\u00e1s informaci\u00f3n o quiere hacernos alguna consulta o sugerencia?<\/p>\n","protected":false},"author":1,"featured_media":0,"parent":0,"menu_order":0,"comment_status":"closed","ping_status":"closed","template":"page-contacto.php","meta":{"footnotes":""},"_links":{"self":[{"href":"https:\/\/liliapartments.com\/de\/wp-json\/wp\/v2\/pages\/216"}],"collection":[{"href":"https:\/\/liliapartments.com\/de\/wp-json\/wp\/v2\/pages"}],"about":[{"href":"https:\/\/liliapartments.com\/de\/wp-json\/wp\/v2\/types\/page"}],"author":[{"embeddable":true,"href":"https:\/\/liliapartments.com\/de\/wp-json\/wp\/v2\/users\/1"}],"replies":[{"embeddable":true,"href":"https:\/\/liliapartments.com\/de\/wp-json\/wp\/v2\/comments?post=216"}],"version-history":[{"count":3,"href":"https:\/\/liliapartments.com\/de\/wp-json\/wp\/v2\/pages\/216\/revisions"}],"predecessor-version":[{"id":540,"href":"https:\/\/liliapartments.com\/de\/wp-json\/wp\/v2\/pages\/216\/revisions\/540"}],"wp:attachment":[{"href":"https:\/\/liliapartments.com\/de\/wp-json\/wp\/v2\/media?parent=216"}],"curies":[{"name":"wp","href":"https:\/\/api.w.org\/{rel}","templated":true}]}}