{"id":196,"date":"2016-11-25T10:56:50","date_gmt":"2016-11-25T09:56:50","guid":{"rendered":"http:\/\/localhost\/LiliApartments\/entorno\/"},"modified":"2024-02-19T10:56:44","modified_gmt":"2024-02-19T09:56:44","slug":"umgebung","status":"publish","type":"page","link":"https:\/\/liliapartments.com\/de\/umgebung\/","title":{"rendered":"Umgebung"},"content":{"rendered":"<div id=\"pl-196\"  class=\"panel-layout\" ><div id=\"pg-196-0\"  class=\"panel-grid panel-has-style\" ><div id=\"informacion-2\" class=\"panel-row-style panel-row-style-for-196-0\" ><div id=\"pgc-196-0-0\"  class=\"panel-grid-cell\" ><div id=\"panel-196-0-0-0\" class=\"so-panel widget widget_sow-editor panel-first-child panel-last-child\" data-index=\"0\" ><div\n\t\t\t\n\t\t\tclass=\"so-widget-sow-editor so-widget-sow-editor-base\"\n\t\t\t\n\t\t>\n<div class=\"siteorigin-widget-tinymce textwidget\">\n\t<h1 class=\"widget-title\" style=\"text-align: center;\"><span style=\"color: #e97601;\">UMGEBUNG - <\/span> HAFEN VON SOLLER<\/h1>\n<p><img loading=\"lazy\" decoding=\"async\" class=\"aligncenter size-full wp-image-141\" src=\"http:\/\/liliapartments.com\/wp-content\/uploads\/2016\/08\/divider-1.png\" alt=\"divider\" width=\"50\" height=\"5\"><\/p>\n<p style=\"text-align: center;\">Zwischen dem Meer und Bergen, Himmel und Erde, begr\u00fc\u00dft der Hafen von S\u00f3ller die Reisenden gesch\u00fctzt durch die allm\u00e4chtige \"Serra de Tramuntana\", Weltkulturerbe der UNESCO. Eine Kreuzung in der Mitte des Mittelmeers. Ein Schmelztiegel der Kulturen, die die Glut der geschmolzenen Sonne in einer vitalen Umarmung mit ihrer Umwelt umfasst. Entdecken Sie eine Enklave, die das Erbe einer unendlichen, abgelegenen, ewigen Insel ist, zwischen den Resten eines Volkes mit tiefen Wurzeln von Lili Apartments aus, dem Treffpunkt mit dem besten Blick auf die Bucht des Hafens von S\u00f3ller.<\/p>\n<p style=\"text-align: center;\">Der Hafen von S\u00f3ller war Schauplatz von K\u00e4mpfen zur Verteidigung der Identit\u00e4t und ist heute Zeitzeuge der Landung von Reisenden aus der ganzen Welt, er ist das Kronjuwel von Mallorca. Im Nordwesten der Insel gelegen, wo Traditionen vorherrschen und Moderne sich im XXI Jahrhunderts in einer der spektakul\u00e4rsten und repr\u00e4sentativsten Ecken des Mittelmeers zeigt. Entdecken Sie die angenehme Brise in der ersten Strandreihe, oder auf der R\u00fcckseite einen \u00fcppigen Berg, desen Licht Joa n Mir\u00f3 in den Sommern seiner Kindheit inspirierte.<\/p>\n<p style=\"text-align: center;\">Willkommen im echten Mallorca.<br \/>\nWillkommen bei <strong>LiLi Apartments<\/strong>.<\/p>\n<\/div>\n<\/div><\/div><\/div><\/div><\/div><\/div>","protected":false},"excerpt":{"rendered":"<p>UMGEBUNG &#8211; HAFEN VON SOLLER Zwischen dem Meer und Bergen, Himmel und Erde, begr\u00fc\u00dft der Hafen von S\u00f3ller die Reisenden gesch\u00fctzt durch die allm\u00e4chtige &#8222;Serra de Tramuntana&#8220;, Weltkulturerbe der UNESCO. Eine Kreuzung in der Mitte des Mittelmeers. Ein Schmelztiegel der Kulturen, die die Glut der geschmolzenen Sonne in einer vitalen Umarmung mit ihrer Umwelt umfasst. [&hellip;]<\/p>\n","protected":false},"author":1,"featured_media":0,"parent":0,"menu_order":0,"comment_status":"closed","ping_status":"closed","template":"page-entorno.php","meta":{"footnotes":""},"_links":{"self":[{"href":"https:\/\/liliapartments.com\/de\/wp-json\/wp\/v2\/pages\/196"}],"collection":[{"href":"https:\/\/liliapartments.com\/de\/wp-json\/wp\/v2\/pages"}],"about":[{"href":"https:\/\/liliapartments.com\/de\/wp-json\/wp\/v2\/types\/page"}],"author":[{"embeddable":true,"href":"https:\/\/liliapartments.com\/de\/wp-json\/wp\/v2\/users\/1"}],"replies":[{"embeddable":true,"href":"https:\/\/liliapartments.com\/de\/wp-json\/wp\/v2\/comments?post=196"}],"version-history":[{"count":4,"href":"https:\/\/liliapartments.com\/de\/wp-json\/wp\/v2\/pages\/196\/revisions"}],"predecessor-version":[{"id":552,"href":"https:\/\/liliapartments.com\/de\/wp-json\/wp\/v2\/pages\/196\/revisions\/552"}],"wp:attachment":[{"href":"https:\/\/liliapartments.com\/de\/wp-json\/wp\/v2\/media?parent=196"}],"curies":[{"name":"wp","href":"https:\/\/api.w.org\/{rel}","templated":true}]}}