{"id":190,"date":"2016-03-08T13:36:03","date_gmt":"2016-03-08T12:36:03","guid":{"rendered":"http:\/\/localhost\/LiliApartments\/informacion\/"},"modified":"2025-02-18T12:51:54","modified_gmt":"2025-02-18T11:51:54","slug":"informationen","status":"publish","type":"page","link":"https:\/\/liliapartments.com\/de\/informationen\/","title":{"rendered":"Informationen"},"content":{"rendered":"<div id=\"pl-190\"  class=\"panel-layout\" ><div id=\"pg-190-0\"  class=\"panel-grid panel-has-style\" ><div id=\"informacion\" class=\"panel-row-style panel-row-style-for-190-0\" ><div id=\"pgc-190-0-0\"  class=\"panel-grid-cell\" ><div id=\"panel-190-0-0-0\" class=\"so-panel widget widget_sow-editor panel-first-child panel-last-child\" data-index=\"0\" ><div\n\t\t\t\n\t\t\tclass=\"so-widget-sow-editor so-widget-sow-editor-base\"\n\t\t\t\n\t\t>\n<div class=\"siteorigin-widget-tinymce textwidget\">\n\t<h1 class=\"widget-title\" style=\"text-align: center;\"><span style=\"color: #e97601;\">LILI<\/span> APARTMENTS<\/h1>\n<p><img loading=\"lazy\" decoding=\"async\" class=\"aligncenter size-full wp-image-141\" src=\"http:\/\/liliapartments.com\/wp-content\/uploads\/2016\/08\/divider-1.png\" alt=\"divider\" width=\"50\" height=\"5\" \/><\/p>\n<p style=\"text-align: center;\">LILI APARTMENTS ist ein Komplex von <strong>Fer<\/strong><strong>i<\/strong><strong>enwohnungen<\/strong> in <strong>erster S<\/strong><strong>t<\/strong><strong>randlinie und mit direktem Blick auf das Meer und die Serra de Tramuntana<\/strong> in der Vorzeigehafenstadt <strong>von S<\/strong><strong>\u00f3<\/strong><strong>ller<\/strong>, im Nordwesten von Mallorca.<\/p>\n<p style=\"text-align: center;\">Ein idealer Ort, um die Brise des Mittelmeers zu sp\u00fcren und mit der Familie zu genie\u00dfen, vor allem mit Kindern.<\/p>\n<p style=\"text-align: center;\">In nur 30 Minuten Entfernung vom Flughafen Palma de Mallorca gelegen bietet der Hafen von S\u00f3ller eine breite Palette an Freizeit und Kultur. Mit direktem Blick auf das Meer, flankiert von der Tramontana (Weltkulturerbe der UNESCO), ist Lili Apartments der ideale Ort, von dem aus Sie die vielen Geheimnisse entdecken k\u00f6nnen, die sich in der sch\u00f6nsten Enklave auf Mallorca verstecken.<\/p>\n<p style=\"text-align: center;\"><strong>Wir haben ein rollstuhlgeei<\/strong><strong>g<\/strong><strong>netes Apartment sowie einen behin<\/strong><strong>d <\/strong><strong>ertengerechten Eingang f<\/strong><strong>\u00fc<\/strong><strong>r G<\/strong><strong>\u00e4<\/strong><strong>ste mit k<\/strong><strong>\u00f6<\/strong><strong>rperlicher Behinderungen oder Einschr<\/strong><strong>\u00e4<\/strong><strong>nk<\/strong><strong>u<\/strong><strong>ng.<\/strong><\/p>\n<\/div>\n<\/div><\/div><\/div><\/div><\/div><div id=\"pg-190-1\"  class=\"panel-grid panel-has-style\" ><div id=\"fullservicios\" class=\"panel-row-style panel-row-style-for-190-1\" ><div id=\"pgc-190-1-0\"  class=\"panel-grid-cell\" ><div id=\"panel-190-1-0-0\" class=\"so-panel widget widget_sow-editor panel-first-child panel-last-child\" data-index=\"1\" ><div class=\"servicios panel-widget-style panel-widget-style-for-190-1-0-0\" ><div\n\t\t\t\n\t\t\tclass=\"so-widget-sow-editor so-widget-sow-editor-base\"\n\t\t\t\n\t\t>\n<div class=\"siteorigin-widget-tinymce textwidget\">\n\t<p><strong>SERVICE<\/strong><\/p>\n<ul>\n<li>Klimaanlage Kalt \/ Warm<\/li>\n<li>TV \u00fcber Satellit mit \u00fcbers 20 internationalen Kan\u00e4len<\/li>\n<li>Kostenloes WLAN \u00fcber Glasfaser<\/li>\n<li>Digitaler Safe<\/li>\n<li>Kostenloser Au\u00dfenparkplatz<\/li>\n<li>Voll ausgestattete K\u00fcche<\/li>\n<li>Sp\u00fclmaschine<\/li>\n<li>Waschmaschine<\/li>\n<li>Handt\u00fccher<\/li>\n<li>Handt\u00fccher<\/li>\n<li>Fahrstuhl<\/li>\n<\/ul>\n<\/div>\n<\/div><\/div><\/div><\/div><div id=\"pgc-190-1-1\"  class=\"panel-grid-cell\" ><div id=\"panel-190-1-1-0\" class=\"so-panel widget widget_sow-editor panel-first-child panel-last-child\" data-index=\"2\" ><div class=\"servicios-demanda panel-widget-style panel-widget-style-for-190-1-1-0\" ><div\n\t\t\t\n\t\t\tclass=\"so-widget-sow-editor so-widget-sow-editor-base\"\n\t\t\t\n\t\t>\n<div class=\"siteorigin-widget-tinymce textwidget\">\n\t<p><strong>AUF ANFRAGE<\/strong><\/p>\n<ul class=\"lista\">\n<li>Flughafentransfer\/Shuttle (gegen Aufpreis)<\/li>\n<li>Strandt\u00fccher<\/li>\n<li>Autovermietung (gegen Aufpreis)<\/li>\n<li>Fahrradvermietung (gegen Aufpreis)<\/li>\n<li>Gef\u00fchrte Wandertouren (gegen Aufpreis)<\/li>\n<\/ul>\n<\/div>\n<\/div><\/div><\/div><\/div><\/div><\/div><\/div>","protected":false},"excerpt":{"rendered":"<p>LILI APARTMENTS LILI APARTMENTS ist ein Komplex von Ferienwohnungen in erster Strandlinie und mit direktem Blick auf das Meer und die Serra de Tramuntana in der Vorzeigehafenstadt von S\u00f3ller, im Nordwesten von Mallorca. Ein idealer Ort, um die Brise des Mittelmeers zu sp\u00fcren und mit der Familie zu genie\u00dfen, vor allem mit Kindern. In nur [&hellip;]<\/p>\n","protected":false},"author":1,"featured_media":0,"parent":0,"menu_order":0,"comment_status":"closed","ping_status":"closed","template":"page-info.php","meta":{"footnotes":""},"_links":{"self":[{"href":"https:\/\/liliapartments.com\/de\/wp-json\/wp\/v2\/pages\/190"}],"collection":[{"href":"https:\/\/liliapartments.com\/de\/wp-json\/wp\/v2\/pages"}],"about":[{"href":"https:\/\/liliapartments.com\/de\/wp-json\/wp\/v2\/types\/page"}],"author":[{"embeddable":true,"href":"https:\/\/liliapartments.com\/de\/wp-json\/wp\/v2\/users\/1"}],"replies":[{"embeddable":true,"href":"https:\/\/liliapartments.com\/de\/wp-json\/wp\/v2\/comments?post=190"}],"version-history":[{"count":5,"href":"https:\/\/liliapartments.com\/de\/wp-json\/wp\/v2\/pages\/190\/revisions"}],"predecessor-version":[{"id":560,"href":"https:\/\/liliapartments.com\/de\/wp-json\/wp\/v2\/pages\/190\/revisions\/560"}],"wp:attachment":[{"href":"https:\/\/liliapartments.com\/de\/wp-json\/wp\/v2\/media?parent=190"}],"curies":[{"name":"wp","href":"https:\/\/api.w.org\/{rel}","templated":true}]}}